{"id":15883,"date":"2021-12-17T12:57:41","date_gmt":"2021-12-17T12:57:41","guid":{"rendered":"https:\/\/shalom.al\/?page_id=15883"},"modified":"2022-10-06T17:19:31","modified_gmt":"2022-10-06T17:19:31","slug":"welcome-by-the-festival-director-2","status":"publish","type":"page","link":"https:\/\/israel-albania.festival-academy.com\/sq\/welcome-by-the-festival-director-2\/","title":{"rendered":"Fjal\u00eb mir\u00ebseardh\u00ebse prej drejtuesit t\u00eb festivalit"},"content":{"rendered":"<p>[vc_row css_animation=&#8221;&#8221; row_type=&#8221;row&#8221; use_row_as_full_screen_section=&#8221;no&#8221; type=&#8221;full_width&#8221; angled_section=&#8221;no&#8221; text_align=&#8221;left&#8221; background_image_as_pattern=&#8221;without_pattern&#8221;][vc_column offset=&#8221;vc_hidden-md vc_hidden-sm vc_hidden-xs&#8221;][vc_empty_space height=&#8221;100px&#8221;][vc_column_text][\/vc_column_text][\/vc_column][\/vc_row][vc_row css_animation=&#8221;&#8221; row_type=&#8221;row&#8221; use_row_as_full_screen_section=&#8221;no&#8221; type=&#8221;full_width&#8221; angled_section=&#8221;no&#8221; text_align=&#8221;left&#8221; background_image_as_pattern=&#8221;without_pattern&#8221;][vc_column][vc_column_text]<span style=\"font-size: 14pt;\"><strong>P\u00ebrsh\u00ebndetje nga Tirana!<\/strong><\/span><\/p>\n<p>&nbsp;<\/p>\n<p><span style=\"font-size: 14pt;\"><strong>Dhe nj\u00eb mir\u00ebseardhje t\u00eb ngroht\u00eb n\u00eb edicionin 2022 t\u00eb Festivalit Kulturor Shqip\u00ebri\u2013Izrael! <\/strong><\/span><\/p>\n<p>&nbsp;<\/p>\n<p><span style=\"font-size: 14pt;\">V\u00ebrtet\u00eb \u00ebsht\u00eb nj\u00eb nder dhe k\u00ebnaq\u00ebsi e ve\u00e7ant\u00eb t\u2019ju uroj mir\u00ebseardhjen dhe t\u2019ju ftoj t\u00eb merrni pjes\u00eb e t\u00eb ndiqni nj\u00eb axhend\u00eb t\u00eb pasur eventesh artistike dhe kulturore t\u00eb cilat prezantojn\u00eb trash\u00ebgimi kulturore dhe krijimtari bashkohore t\u00eb ekselenc\u00ebs nga Izraeli dhe Shqip\u00ebria!<\/span><\/p>\n<p>&nbsp;<\/p>\n<p><span style=\"font-size: 14pt;\">Artist\u00eb dhe personalitete t\u00eb kultur\u00ebs nga t\u00eb dy vendet, nga Europa, SHBA dhe nga skena nd\u00ebrkomb\u00ebtare e artit do t\u00eb prezantohen n\u00eb nj\u00eb program q\u00eb do t\u00eb gjall\u00ebroj\u00eb kryeqytetin e Shqip\u00ebris\u00eb me nj\u00eb larmishm\u00ebri zhanresh dhe displinash \u2013 nga muzika instrumentale klasike dhe jazz tek muzika e folklorit nga Shqip\u00ebria dhe Izraeli; nga baleti klasik dhe k\u00ebrcimi kontemporan tek art innovation; aktivitete t\u00eb reja interesante si chess n&#8217; jazz; si dhe programe t\u00eb shumta n\u00eb fusha si artet vizuale, murale, kulinare dhe kinematografia.<\/span><\/p>\n<p>&nbsp;<\/p>\n<p><span style=\"font-size: 14pt;\">Arti dhe kultura krijojn\u00eb lidhje t\u00eb forta mes vendeve e popujve p\u00ebrmes urave t\u00eb komunikimit q\u00eb ato nd\u00ebrtojn\u00eb dhe p\u00ebrmes kultivimit t\u00eb njohjes e vler\u00ebsimit t\u00eb nd\u00ebrsjellt\u00eb. Dhe n\u00ebse arti dhe kultura shprehin ndjeshm\u00ebri dhe kreativitet sa individual e komb\u00ebtar, ato po ashtu kan\u00eb aft\u00ebsin\u00eb t\u00eb b\u00ebjn\u00eb p\u00ebr vete dhe t\u00eb komunikojn\u00eb p\u00ebrtej kufijve gjuh\u00ebsor\u00eb apo identitar\u00eb.\u00a0<\/span><span style=\"font-size: 14pt;\">Ndaj me gjith\u00eb zem\u00ebr uroj q\u00eb ky edicion i Festivalit t\u00eb sjell\u00eb tek publiku nj\u00eb pasuri eksperiencash t\u00eb k\u00ebnaq\u00ebsis\u00eb artistike, aq edhe t\u00eb ngacmoj\u00eb reflektim e t\u00eb ftoj\u00eb n\u00eb meditim! E pra q\u00eb p\u00ebrmes Festivalit t\u00eb m\u00ebsojm\u00eb e ta njohim m\u00eb mir\u00eb nj\u00ebri-tjetrin!<\/span><strong><span style=\"font-size: 14pt;\">\u00a0 \u00a0 \u00a0 \u00a0 \u00a0 \u00a0 \u00a0 \u00a0 \u00a0 \u00a0 \u00a0 \u00a0 \u00a0 \u00a0 \u00a0 \u00a0 \u00a0 \u00a0 \u00a0 \u00a0 \u00a0 \u00a0 \u00a0 \u00a0 \u00a0 \u00a0 \u00a0 \u00a0 \u00a0 \u00a0 \u00a0 \u00a0 \u00a0 \u00a0 \u00a0 \u00a0<\/span><\/strong>[\/vc_column_text][vc_empty_space height=&#8221;20px&#8221;][vc_text_separator title=&#8221;&#8221; border=&#8221;no&#8221;][vc_empty_space height=&#8221;20px&#8221;][vc_column_text]<span style=\"font-size: 14pt;\">Arti izraelit dhe thesaret e \u00e7muara t\u00eb kultur\u00ebs hebreje nga e gjith\u00eb bota mund dhe duhet t\u00eb jen\u00eb m\u00eb t\u00eb pranish\u00ebm n\u00eb Shqip\u00ebri dhe po ashtu n\u00eb vendet e tjera t\u00eb Ballkanit. Dhe anasjelltas. Trash\u00ebgimia e vyer kulturore dhe krijimtaria bashkohore nga Shqip\u00ebria dhe gjer\u00ebsisht rajoni mund dhe duhet t\u00eb jen\u00eb m\u00eb shum\u00eb t\u00eb pranishme dhe t\u00eb aksesueshme nga publiku hebre. Ndaj dhe frym\u00ebzimi i Festivalit p\u00ebr t\u00eb krijuar nj\u00eb platform\u00eb shk\u00ebmbimesh dhe vizibiliteti q\u00eb p\u00ebrfaq\u00ebson nj\u00eb brand referenc\u00eb t\u00eb ekselenc\u00ebs artistike n\u00eb Shqip\u00ebri dhe Ballkan!<\/span><\/p>\n<p>&nbsp;<\/p>\n<p><span style=\"font-size: 14pt;\">Me k\u00ebt\u00eb rast kaq t\u00eb ve\u00e7ant\u00eb, d\u00ebshiroj t\u00eb shpreh Falenderimet p\u00ebr t\u00eb gjith\u00eb Miqt\u00eb dhe Mb\u00ebshtet\u00ebsit e Festivalit! Mir\u00ebnjohje p\u00ebr t\u00eb gjith\u00eb partner\u00ebt institucional\u00eb dhe mb\u00ebshtet\u00ebsit financiar\u00eb, dhe p\u00ebr t\u00eb gjith\u00eb ato q\u00eb ndan\u00eb frym\u00ebzim dhe kontribuan n\u00eb lan\u00e7imin e \u201cFestivalit Kulturor Shiqp\u00ebri\u2013Izrael\u201d! Dhe nj\u00eb faleminderim t\u00eb p\u00ebrzem\u00ebrt p\u00ebr at\u00eb grup koleg\u00ebsh e miqsh nga Tirana dhe Tel Avivi t\u00eb cil\u00ebt u b\u00ebn\u00eb ekip dhe i dhan\u00eb jet\u00eb k\u00ebtij frym\u00ebzimi t\u00eb p\u00ebrbashk\u00ebt!\u00a0\u00a0\u00a0<\/span><\/p>\n<p><strong>\u00a0 \u00a0 \u00a0 \u00a0 \u00a0 \u00a0 \u00a0 \u00a0 \u00a0 \u00a0 \u00a0 \u00a0 \u00a0 \u00a0 \u00a0 \u00a0 \u00a0 \u00a0 \u00a0 \u00a0 \u00a0 \u00a0 \u00a0 \u00a0 \u00a0 \u00a0 \u00a0 \u00a0 \u00a0 \u00a0 \u00a0 \u00a0\u00a0<\/strong><\/p>\n<p>&nbsp;<\/p>\n<p><span style=\"font-size: 14pt; color: #000000;\"><b><span style=\"vertical-align: inherit;\"><span style=\"vertical-align: inherit;\"><span style=\"vertical-align: inherit;\"><span style=\"vertical-align: inherit;\"><span style=\"vertical-align: inherit;\">Almira Emiri &#8211; M\u00f6llendorf\u00a0<\/span><\/span><\/span><\/span><\/span><\/b><\/span><\/p>\n<p><span style=\"font-size: 14pt; color: #000000;\"><b><span style=\"vertical-align: inherit;\"><img decoding=\"async\" class=\"alignnone wp-image-15717 size-thumbnail\" src=\"https:\/\/shalom.al\/wp-content\/uploads\/2021\/09\/image2-removebg-preview-150x150.png\" alt=\"\" width=\"150\" height=\"150\" \/><\/span><\/b><\/span>[\/vc_column_text][\/vc_column][\/vc_row][vc_row css_animation=&#8221;&#8221; row_type=&#8221;row&#8221; use_row_as_full_screen_section=&#8221;no&#8221; type=&#8221;full_width&#8221; angled_section=&#8221;no&#8221; text_align=&#8221;left&#8221; background_image_as_pattern=&#8221;without_pattern&#8221;][vc_column][\/vc_column][\/vc_row]<\/p>\n","protected":false},"excerpt":{"rendered":"<p>[vc_row css_animation=&#8221;&#8221; row_type=&#8221;row&#8221; use_row_as_full_screen_section=&#8221;no&#8221; type=&#8221;full_width&#8221; angled_section=&#8221;no&#8221; text_align=&#8221;left&#8221; background_image_as_pattern=&#8221;without_pattern&#8221;][vc_column offset=&#8221;vc_hidden-md vc_hidden-sm vc_hidden-xs&#8221;][vc_empty_space height=&#8221;100px&#8221;][vc_column_text][\/vc_column_text][\/vc_column][\/vc_row][vc_row css_animation=&#8221;&#8221; row_type=&#8221;row&#8221; use_row_as_full_screen_section=&#8221;no&#8221; type=&#8221;full_width&#8221; angled_section=&#8221;no&#8221; text_align=&#8221;left&#8221; background_image_as_pattern=&#8221;without_pattern&#8221;][vc_column][vc_column_text]P\u00ebrsh\u00ebndetje nga Tirana! &nbsp; Dhe nj\u00eb mir\u00ebseardhje t\u00eb ngroht\u00eb n\u00eb edicionin 2022 t\u00eb Festivalit Kulturor Shqip\u00ebri\u2013Izrael! &nbsp; V\u00ebrtet\u00eb \u00ebsht\u00eb nj\u00eb nder dhe k\u00ebnaq\u00ebsi e ve\u00e7ant\u00eb t\u2019ju uroj&#8230;<\/p>\n","protected":false},"author":1,"featured_media":0,"parent":0,"menu_order":0,"comment_status":"closed","ping_status":"closed","template":"","meta":{"footnotes":""},"class_list":["post-15883","page","type-page","status-publish","hentry"],"_links":{"self":[{"href":"https:\/\/israel-albania.festival-academy.com\/sq\/wp-json\/wp\/v2\/pages\/15883","targetHints":{"allow":["GET"]}}],"collection":[{"href":"https:\/\/israel-albania.festival-academy.com\/sq\/wp-json\/wp\/v2\/pages"}],"about":[{"href":"https:\/\/israel-albania.festival-academy.com\/sq\/wp-json\/wp\/v2\/types\/page"}],"author":[{"embeddable":true,"href":"https:\/\/israel-albania.festival-academy.com\/sq\/wp-json\/wp\/v2\/users\/1"}],"replies":[{"embeddable":true,"href":"https:\/\/israel-albania.festival-academy.com\/sq\/wp-json\/wp\/v2\/comments?post=15883"}],"version-history":[{"count":1,"href":"https:\/\/israel-albania.festival-academy.com\/sq\/wp-json\/wp\/v2\/pages\/15883\/revisions"}],"predecessor-version":[{"id":20462,"href":"https:\/\/israel-albania.festival-academy.com\/sq\/wp-json\/wp\/v2\/pages\/15883\/revisions\/20462"}],"wp:attachment":[{"href":"https:\/\/israel-albania.festival-academy.com\/sq\/wp-json\/wp\/v2\/media?parent=15883"}],"curies":[{"name":"wp","href":"https:\/\/api.w.org\/{rel}","templated":true}]}}