{"id":15855,"date":"2021-11-07T13:52:45","date_gmt":"2021-11-07T13:52:45","guid":{"rendered":"https:\/\/shalom.al\/?page_id=15855"},"modified":"2021-11-07T13:52:45","modified_gmt":"2021-11-07T13:52:45","slug":"akademia","status":"publish","type":"page","link":"https:\/\/israel-albania.festival-academy.com\/sq\/akademia\/","title":{"rendered":"Akademia e Festivalit"},"content":{"rendered":"<p>[vc_row css_animation=&#8221;&#8221; row_type=&#8221;row&#8221; use_row_as_full_screen_section=&#8221;no&#8221; type=&#8221;full_width&#8221; angled_section=&#8221;no&#8221; text_align=&#8221;left&#8221; background_image_as_pattern=&#8221;without_pattern&#8221;][vc_column][vc_separator type=&#8221;small&#8221; position=&#8221;center&#8221; up=&#8221;7&#8243; down=&#8221;38&#8243;][vc_empty_space][vc_column_text]<strong><span style=\"font-size: 14pt\">Festival Academy 2022<\/span><\/strong><\/p>\n<p>&nbsp;<\/p>\n<p><span style=\"font-size: 14pt\">Festival Academy \u00ebsht\u00eb i dedikuar p\u00ebr krijimin e mund\u00ebsive p\u00ebr t\u00eb rinjt\u00eb e talentuar dhe t\u00eb apasionuar p\u00ebr zhvillimin e dhuntive dhe aft\u00ebsive t\u00eb tyre dhe p\u00ebr t\u00eb zgjeruar njohurit\u00eb e tyre n\u00ebp\u00ebrmjet pjes\u00ebmarrjes n\u00eb aktivitetet e edukimit, inovacionit, artit dhe kultur\u00ebs.\u00a0<\/span><\/p>\n<p>&nbsp;<\/p>\n<p><span style=\"font-size: 14pt\">Platforma multi-disiplinore e Festival Academy \u00ebsht\u00eb projektuar p\u00ebr t\u00eb ofruar nj\u00eb s\u00ebr\u00eb aktivitetesh t\u00eb larmishme p\u00ebrgjat\u00eb vitit dhe \u00ebsht\u00eb drejtuar kundrejt arritjes dhe angazhimit t\u00eb t\u00eb rinjve. Festival Academy programon nj\u00eb varietet formatesh, duke p\u00ebrfshir\u00eb pun\u00ebtori, gara, forume, evente performuese, projekte arti, diskutime autor\u00ebsh, leksione t\u00eb hapura, masterklasa dhe k\u00ebmbime &#8211; me aktivitet q\u00eb prekin nj\u00eb gam\u00eb t\u00eb gjer\u00eb zhanresh dhe fushahs, si artet performuese dhe vizive, shkrimi dhe gazetaria kulturore, inovacioni artistik dhe teknologjik, arkitektura dhe dizajni urban, arkeologjia dhe trash\u00ebgimia, industria krijuese dhe sip\u00ebrmarrja, t\u00eb folurit publik, lidershipi kulturor dhe diplomacia kulturore nd\u00ebrkomb\u00ebtar.<\/span><\/p>\n<p>&nbsp;<\/p>\n<p><span style=\"font-size: 14pt\">Me nj\u00eb v\u00ebshtrim drejt agjend\u00ebs <strong>Tirana European Youth Capital<\/strong> 2022, Festival Academy \u00ebsht\u00eb angazhuar n\u00eb kontribuimin n\u00ebp\u00ebrmjet organizimit t\u00eb nj\u00eb serie eventesh dhe aktivitetesh rinore &#8220;IsrAlb Youth Days 2022&#8221;.<\/span><\/p>\n<p>&nbsp;<\/p>\n<p><span style=\"font-size: 14pt\">K\u00ebt\u00eb vit, Festival Academy do t\u00eb sjell\u00eb n\u00eb Tiran\u00eb artist\u00eb dhe intelektual\u00eb t\u00eb njohur bot\u00ebror\u00eb, t\u00eb cil\u00ebt do t\u00eb sjellin eksperienc\u00ebn e tyre t\u00eb jasht\u00ebzakonshme dhe rekomandime fantastike n\u00ebp\u00ebrmjet leksioneve t\u00eb masterklasave n\u00eb fusha t\u00eb tilla si baleti klasik, artet kulinare, loj\u00ebn e shahut, muzik\u00ebn instrumentale dhe &#8220;Metod\u00ebn Kodaly&#8221; n\u00eb edukimin muzikor. P\u00ebr m\u00eb tep\u00ebr, autor\u00eb t\u00eb afirmuar dhe t\u00eb rinj do t\u00eb ftohen p\u00ebr diskutime interaktive me t\u00eb rinj shqiptar\u00eb n\u00ebp\u00ebrmjet seris\u00eb s\u00eb eventeve &#8220;Meet the Author&#8221;.<\/span><\/p>\n<p>&nbsp;<\/p>\n<p>&nbsp;<\/p>\n<p><strong><span style=\"font-size: 14pt\">Masterklas\u00eb Piano<\/span><\/strong><\/p>\n<p>&nbsp;<\/p>\n<p><span style=\"font-size: 14pt\">Festival Academy hapi der\u00ebn p\u00ebr nj\u00eb brez t\u00eb ri student\u00ebsh t\u00eb muzik\u00ebs, instrumentalist\u00ebsh, kritik\u00ebsh arti dhe t\u00eb rinjsh t\u00eb tjer\u00eb t\u00eb interesuar n\u00eb art dhe kultur\u00eb &#8211; n\u00ebp\u00ebrmjet organizimit t\u00eb masterklas\u00ebs s\u00eb par\u00eb n\u00eb piano te Liceu Artistik &#8220;Jordan Misja&#8221; n\u00eb Tiran\u00eb.<\/span>[\/vc_column_text][vc_empty_space][vc_single_image image=&#8221;15798&#8243; img_size=&#8221;full&#8221; qode_css_animation=&#8221;&#8221;][vc_empty_space][vc_column_text]<span style=\"font-size: 14pt\">N\u00ebn lektorimin e pianistes s\u00eb mir\u00ebnjohur shqiptare Almira Emiri, n\u00eb tetor 2021 u mbajt te Liceu Artistik &#8220;Jordan Misja&#8221; nj\u00eb masterklas\u00eb fantastike. Nisur nga eksperienca e saj n\u00eb Austri, Itali, Gjermani, Hungari, Izrael dhe mjaft skena t\u00eb tjera europiane, Profesore Emiri do t\u00eb sjell\u00eb p\u00ebr t\u00eb rinjt\u00eb nj\u00eb aktivitet tejet interesant dhe intensiv.<\/span><\/p>\n<p>&nbsp;<\/p>\n<p><span style=\"font-size: 14pt\">Almira Emiri ka mbaruar studimet e larta n\u00eb Universitetin\u201cFranc List\u201d n\u00eb Budapest dhe studimet Master n\u00eb Universitetin e Arteve n\u00eb Grac. Nd\u00ebr t\u00eb tjer\u00eb, ajo ka studiuar me Eugen Jakab, Annam\u00e1ria Bodoky-Krause dhe Milana Chernyavska, si dhe ka marr\u00eb pjes\u00eb n\u00eb MasterClass t\u00eb profesor\u00ebve t\u00eb njohur Dimitrij Bashkirov, Imre Rohmann, Alexander Satz, Rudolf Kehrer e Vitaly Margulis. Aktiviteti i saj koncertal si pianiste soliste dhe n\u00eb muzik\u00eb dhome \u00ebsht\u00eb i pasur dhe i larmish\u00ebm.<\/span><\/p>\n<p>&nbsp;<\/p>\n<p><span style=\"font-size: 14pt\">P\u00ebr cdo informacion mund t\u00eb na kontaktoni n\u00eb rrjetet tona sociale ose n\u00eb adres\u00ebn <a href=\"isralb.info@shalom.al\">isralb.info@shalom.al<\/a>.<\/span>[\/vc_column_text][vc_empty_space][\/vc_column][\/vc_row]<\/p>\n","protected":false},"excerpt":{"rendered":"<p>[vc_row css_animation=&#8221;&#8221; row_type=&#8221;row&#8221; use_row_as_full_screen_section=&#8221;no&#8221; type=&#8221;full_width&#8221; angled_section=&#8221;no&#8221; text_align=&#8221;left&#8221; background_image_as_pattern=&#8221;without_pattern&#8221;][vc_column][vc_separator type=&#8221;small&#8221; position=&#8221;center&#8221; up=&#8221;7&#8243; down=&#8221;38&#8243;][vc_empty_space][vc_column_text]Festival Academy 2022 &nbsp; Festival Academy \u00ebsht\u00eb i dedikuar p\u00ebr krijimin e mund\u00ebsive p\u00ebr t\u00eb rinjt\u00eb e talentuar dhe t\u00eb apasionuar p\u00ebr zhvillimin e dhuntive dhe aft\u00ebsive t\u00eb tyre dhe p\u00ebr t\u00eb zgjeruar njohurit\u00eb&#8230;<\/p>\n","protected":false},"author":1,"featured_media":0,"parent":0,"menu_order":0,"comment_status":"closed","ping_status":"closed","template":"","meta":{"footnotes":""},"class_list":["post-15855","page","type-page","status-publish","hentry"],"_links":{"self":[{"href":"https:\/\/israel-albania.festival-academy.com\/sq\/wp-json\/wp\/v2\/pages\/15855","targetHints":{"allow":["GET"]}}],"collection":[{"href":"https:\/\/israel-albania.festival-academy.com\/sq\/wp-json\/wp\/v2\/pages"}],"about":[{"href":"https:\/\/israel-albania.festival-academy.com\/sq\/wp-json\/wp\/v2\/types\/page"}],"author":[{"embeddable":true,"href":"https:\/\/israel-albania.festival-academy.com\/sq\/wp-json\/wp\/v2\/users\/1"}],"replies":[{"embeddable":true,"href":"https:\/\/israel-albania.festival-academy.com\/sq\/wp-json\/wp\/v2\/comments?post=15855"}],"version-history":[{"count":0,"href":"https:\/\/israel-albania.festival-academy.com\/sq\/wp-json\/wp\/v2\/pages\/15855\/revisions"}],"wp:attachment":[{"href":"https:\/\/israel-albania.festival-academy.com\/sq\/wp-json\/wp\/v2\/media?parent=15855"}],"curies":[{"name":"wp","href":"https:\/\/api.w.org\/{rel}","templated":true}]}}