{"id":15819,"date":"2021-10-23T17:52:47","date_gmt":"2021-10-23T17:52:47","guid":{"rendered":"https:\/\/shalom.al\/?page_id=15819"},"modified":"2022-10-06T17:27:06","modified_gmt":"2022-10-06T17:27:06","slug":"qendra-shalom","status":"publish","type":"page","link":"https:\/\/israel-albania.festival-academy.com\/sq\/qendra-shalom\/","title":{"rendered":"Qendra Shalom"},"content":{"rendered":"<p>[vc_row css_animation=&#8221;&#8221; row_type=&#8221;row&#8221; use_row_as_full_screen_section=&#8221;no&#8221; type=&#8221;full_width&#8221; angled_section=&#8221;no&#8221; text_align=&#8221;left&#8221; background_image_as_pattern=&#8221;without_pattern&#8221;][vc_column][vc_empty_space][vc_single_image image=&#8221;15577&#8243; img_size=&#8221;300&#215;300&#8243; alignment=&#8221;center&#8221; qode_css_animation=&#8221;&#8221;][vc_empty_space][vc_column_text]<span style=\"font-size: 14pt;\">\u201cFestivali Kulturor Shqip\u00ebri\u2013Izrael\u201d \u00ebsht\u00eb nj\u00eb iniciativ\u00eb e Qendr\u00ebs Shalom \u2013 nj\u00eb organizat\u00eb jo-qeveritare, jo-fitimprur\u00ebse e themeluar n\u00eb Shqip\u00ebri n\u00eb vitin 2004, e cila i dedikohet valorizimit dhe aktivizimit t\u00eb potencialeve t\u00eb shum\u00ebfishta p\u00ebr bashk\u00ebpunim dhe shk\u00ebmbime mes Shqip\u00ebris\u00eb dhe Izraelit n\u00eb t\u00eb mir\u00eb t\u00eb zhvillimit dhe mir\u00ebqenies s\u00eb dy vendeve, p\u00ebrmes projektesh dhe partneritetesh n\u00eb nj\u00eb gam\u00eb t\u00eb gjer\u00eb fushash, duke p\u00ebrfshir\u00eb artit dhe kultur\u00ebn, arsimin dhe sportet, pun\u00eb t\u00eb bamir\u00ebsis\u00eb, si edhe inovacionin dhe sip\u00ebrmarrjen e lir\u00eb.<\/span><\/p>\n<p>&nbsp;<\/p>\n<p><span style=\"font-size: 14pt;\">Qendra Shalom \u00ebsht\u00eb nj\u00eb organizat\u00eb jo-fitimprur\u00ebse me num\u00ebr t\u00eb regjistrit komb\u00ebtar tatimor NIPT K62314003I, me llogari bankare pran\u00eb Raiffeisen Bank Albania p\u00ebrkat\u00ebsisht n\u00eb Lek Shqiptar AL79202110060000000001623699 and n\u00eb valut\u00eb Euro\u00a0 AL64202110060000000011623699. <\/span>[\/vc_column_text][vc_empty_space][vc_single_image image=&#8221;15735&#8243; img_size=&#8221;large&#8221; alignment=&#8221;center&#8221; qode_css_animation=&#8221;&#8221;][vc_empty_space][vc_column_text]<span style=\"font-size: 14pt;\">\u201cFestivali Kulturor Shqip\u00ebri\u2013Izrael\u201d mir\u00ebpret vendosjen e partneriteteve t\u00eb reja dhe bashk\u00ebpunimit me aktor\u00eb t\u00eb sektorit publik dhe privat, duke u angazhuar p\u00ebr t\u00eb sjell\u00eb projekte t\u00eb standarteve m\u00eb t\u00eb larta dhe programacion artistik dhe kulturor t\u00eb ekselenc\u00ebs. P\u00ebr informacion t\u00eb m\u00ebtejsh\u00ebm p\u00ebr mund\u00ebsit\u00eb e bashk\u00ebpunimit dhe mb\u00ebshtetjes s\u00eb platform\u00ebs s\u00eb Festivalit, lutem na kontaktoni n\u00eb <a href=\"mailto:isralb.info@shalom.al\">isralb.info@shalom.al<\/a>.<\/span>[\/vc_column_text][vc_empty_space][\/vc_column][\/vc_row]<\/p>\n","protected":false},"excerpt":{"rendered":"<p>[vc_row css_animation=&#8221;&#8221; row_type=&#8221;row&#8221; use_row_as_full_screen_section=&#8221;no&#8221; type=&#8221;full_width&#8221; angled_section=&#8221;no&#8221; text_align=&#8221;left&#8221; background_image_as_pattern=&#8221;without_pattern&#8221;][vc_column][vc_empty_space][vc_single_image image=&#8221;15577&#8243; img_size=&#8221;300&#215;300&#8243; alignment=&#8221;center&#8221; qode_css_animation=&#8221;&#8221;][vc_empty_space][vc_column_text]\u201cFestivali Kulturor Shqip\u00ebri\u2013Izrael\u201d \u00ebsht\u00eb nj\u00eb iniciativ\u00eb e Qendr\u00ebs Shalom \u2013 nj\u00eb organizat\u00eb jo-qeveritare, jo-fitimprur\u00ebse e themeluar n\u00eb Shqip\u00ebri n\u00eb vitin 2004, e cila i dedikohet valorizimit dhe aktivizimit t\u00eb potencialeve t\u00eb shum\u00ebfishta p\u00ebr bashk\u00ebpunim&#8230;<\/p>\n","protected":false},"author":1,"featured_media":0,"parent":0,"menu_order":0,"comment_status":"closed","ping_status":"closed","template":"","meta":{"footnotes":""},"class_list":["post-15819","page","type-page","status-publish","hentry"],"_links":{"self":[{"href":"https:\/\/israel-albania.festival-academy.com\/sq\/wp-json\/wp\/v2\/pages\/15819","targetHints":{"allow":["GET"]}}],"collection":[{"href":"https:\/\/israel-albania.festival-academy.com\/sq\/wp-json\/wp\/v2\/pages"}],"about":[{"href":"https:\/\/israel-albania.festival-academy.com\/sq\/wp-json\/wp\/v2\/types\/page"}],"author":[{"embeddable":true,"href":"https:\/\/israel-albania.festival-academy.com\/sq\/wp-json\/wp\/v2\/users\/1"}],"replies":[{"embeddable":true,"href":"https:\/\/israel-albania.festival-academy.com\/sq\/wp-json\/wp\/v2\/comments?post=15819"}],"version-history":[{"count":1,"href":"https:\/\/israel-albania.festival-academy.com\/sq\/wp-json\/wp\/v2\/pages\/15819\/revisions"}],"predecessor-version":[{"id":20469,"href":"https:\/\/israel-albania.festival-academy.com\/sq\/wp-json\/wp\/v2\/pages\/15819\/revisions\/20469"}],"wp:attachment":[{"href":"https:\/\/israel-albania.festival-academy.com\/sq\/wp-json\/wp\/v2\/media?parent=15819"}],"curies":[{"name":"wp","href":"https:\/\/api.w.org\/{rel}","templated":true}]}}