{"id":15802,"date":"2021-10-23T16:34:46","date_gmt":"2021-10-23T16:34:46","guid":{"rendered":"https:\/\/shalom.al\/?page_id=15802"},"modified":"2022-10-06T17:27:38","modified_gmt":"2022-10-06T17:27:38","slug":"vizioni-frymezimi","status":"publish","type":"page","link":"https:\/\/israel-albania.festival-academy.com\/sq\/vizioni-frymezimi\/","title":{"rendered":"Vizioni &amp; Frym\u00ebzimi"},"content":{"rendered":"<p>[vc_row css_animation=&#8221;&#8221; row_type=&#8221;row&#8221; use_row_as_full_screen_section=&#8221;no&#8221; type=&#8221;grid&#8221; angled_section=&#8221;no&#8221; text_align=&#8221;left&#8221; background_image_as_pattern=&#8221;without_pattern&#8221; padding_top=&#8221;87&#8243; padding_bottom=&#8221;0&#8243;][vc_column][vc_column_text]<\/p>\n<h2 style=\"text-align: center;\">VIZIONI &amp; FRYM\u00cbZIMI<\/h2>\n<p>[\/vc_column_text][vc_separator type=&#8221;small&#8221; position=&#8221;center&#8221; down=&#8221;38&#8243; up=&#8221;7&#8243;][vc_column_text]<span style=\"font-size: 14pt;\">\u201cFestivali Kulturor Shqip\u00ebri\u2013Izrael\u201d \u00ebsht\u00eb nj\u00eb festival i p\u00ebrvitsh\u00ebm i artit dhe kultur\u00ebs, q\u00eb prezanton dhe promovon krijimitarin\u00eb bashkohore dhe trash\u00ebgimin\u00eb kulturore t\u00eb Izraelit dhe Shqip\u00ebris\u00eb, dhe m\u00eb gjer\u00ebsisht mes diasporave shqiptare dhe hebreje n\u00eb bot\u00eb. Edicioni i ardhsh\u00ebm 2022 do t\u00eb mbledh\u00eb s\u00eb bashku n\u00eb Tiran\u00eb artist\u00eb, autor\u00eb e krijues dhe operator\u00eb kulturor\u00eb nga Izraeli, Shqip\u00ebria dhe skena nd\u00ebrkomb\u00ebtare e artit dhe kultur\u00ebs, si pjes\u00eb e nj\u00eb programi eventesh dhe performancash t\u00eb cilat p\u00ebrfshijn\u00eb muzik\u00ebn instrumentale klasike dhe jazz, muzik\u00ebn tradicionale popullore nga Shqip\u00ebria dhe Izraeli, baletin klasik, k\u00ebrcimin kontemporan, art innovation, chess n&#8217; jazz, artet vizuale, artet murale, let\u00ebrsin\u00eb dhe publicistik\u00ebn, artet kulinare edhe kinematografin\u00eb. \u00a0<\/span>[\/vc_column_text][vc_empty_space][vc_single_image image=&#8221;15737&#8243; img_size=&#8221;large&#8221; alignment=&#8221;center&#8221; qode_css_animation=&#8221;&#8221;][vc_empty_space][vc_column_text]<span style=\"font-size: 14pt;\">\u201cFestivali Kulturor Shqip\u00ebri\u2013Izrael\u201d sjell n\u00eb Shqip\u00ebri dhe rajonin e Ballkanit nj\u00eb brand t\u00eb ri t\u00eb ekselenc\u00ebs artistike dhe t\u00eb projekteve inovative shum\u00eb-disiplinore. P\u00ebrmes mb\u00ebshtetjes dhe pjes\u00ebmarrjes n\u00eb projekte n\u00eb fush\u00ebn e artit dhe kultur\u00ebs, Festivali gjithashtu synon t\u00eb promovoj\u00eb krijimtarin\u00eb bashkohore dhe trash\u00ebgimin\u00eb kulturore shqiptare dhe at\u00eb hebreje edhe n\u00eb kontekstin m\u00eb t\u00eb gjer\u00eb Europian dhe nd\u00ebrkomb\u00ebtar. Shp\u00ebtimi i hebrenjve n\u00eb Shqip\u00ebri gjat\u00eb Holokaustit p\u00ebrb\u00ebn nj\u00eb vler\u00eb t\u00eb patjet\u00ebrsueshme dhe aq t\u00eb \u00e7muar p\u00ebr kultivimin e dialogut nd\u00ebr-breznor dhe nd\u00ebr-kulturor p\u00ebr sfidat e aktualitetit q\u00eb lidhet me racizmin, ksenofobin\u00eb, anti-Semitizmin dhe t\u00eb gjitha format e intoleranc\u00ebs.<\/span><\/p>\n<p>[\/vc_column_text][vc_separator type=&#8221;transparent&#8221; up=&#8221;31&#8243; down=&#8221;19&#8243;][\/vc_column][\/vc_row]<\/p>\n","protected":false},"excerpt":{"rendered":"<p>[vc_row css_animation=&#8221;&#8221; row_type=&#8221;row&#8221; use_row_as_full_screen_section=&#8221;no&#8221; type=&#8221;grid&#8221; angled_section=&#8221;no&#8221; text_align=&#8221;left&#8221; background_image_as_pattern=&#8221;without_pattern&#8221; padding_top=&#8221;87&#8243; padding_bottom=&#8221;0&#8243;][vc_column][vc_column_text] VIZIONI &amp; FRYM\u00cbZIMI [\/vc_column_text][vc_separator type=&#8221;small&#8221; position=&#8221;center&#8221; down=&#8221;38&#8243; up=&#8221;7&#8243;][vc_column_text]\u201cFestivali Kulturor Shqip\u00ebri\u2013Izrael\u201d \u00ebsht\u00eb nj\u00eb festival i p\u00ebrvitsh\u00ebm i artit dhe kultur\u00ebs, q\u00eb prezanton dhe promovon krijimitarin\u00eb bashkohore dhe trash\u00ebgimin\u00eb kulturore t\u00eb Izraelit dhe Shqip\u00ebris\u00eb, dhe m\u00eb gjer\u00ebsisht&#8230;<\/p>\n","protected":false},"author":1,"featured_media":0,"parent":0,"menu_order":0,"comment_status":"open","ping_status":"closed","template":"full_width.php","meta":{"footnotes":""},"class_list":["post-15802","page","type-page","status-publish","hentry"],"_links":{"self":[{"href":"https:\/\/israel-albania.festival-academy.com\/sq\/wp-json\/wp\/v2\/pages\/15802","targetHints":{"allow":["GET"]}}],"collection":[{"href":"https:\/\/israel-albania.festival-academy.com\/sq\/wp-json\/wp\/v2\/pages"}],"about":[{"href":"https:\/\/israel-albania.festival-academy.com\/sq\/wp-json\/wp\/v2\/types\/page"}],"author":[{"embeddable":true,"href":"https:\/\/israel-albania.festival-academy.com\/sq\/wp-json\/wp\/v2\/users\/1"}],"replies":[{"embeddable":true,"href":"https:\/\/israel-albania.festival-academy.com\/sq\/wp-json\/wp\/v2\/comments?post=15802"}],"version-history":[{"count":1,"href":"https:\/\/israel-albania.festival-academy.com\/sq\/wp-json\/wp\/v2\/pages\/15802\/revisions"}],"predecessor-version":[{"id":20470,"href":"https:\/\/israel-albania.festival-academy.com\/sq\/wp-json\/wp\/v2\/pages\/15802\/revisions\/20470"}],"wp:attachment":[{"href":"https:\/\/israel-albania.festival-academy.com\/sq\/wp-json\/wp\/v2\/media?parent=15802"}],"curies":[{"name":"wp","href":"https:\/\/api.w.org\/{rel}","templated":true}]}}