{"id":15599,"date":"2021-08-27T14:57:58","date_gmt":"2021-08-27T14:57:58","guid":{"rendered":"https:\/\/shalom.al\/?page_id=15599"},"modified":"2021-08-27T14:57:58","modified_gmt":"2021-08-27T14:57:58","slug":"programi","status":"publish","type":"page","link":"https:\/\/israel-albania.festival-academy.com\/sq\/programi\/","title":{"rendered":"Programi"},"content":{"rendered":"<p>[vc_row css_animation=&#8221;&#8221; row_type=&#8221;row&#8221; use_row_as_full_screen_section=&#8221;no&#8221; type=&#8221;full_width&#8221; angled_section=&#8221;no&#8221; text_align=&#8221;left&#8221; background_image_as_pattern=&#8221;without_pattern&#8221;][vc_column][vc_empty_space][vc_single_image image=&#8221;15561&#8243; img_size=&#8221;200&#215;200&#8243; alignment=&#8221;center&#8221; qode_css_animation=&#8221;&#8221;][vc_empty_space][vc_separator type=&#8221;normal&#8221; color=&#8221;#000000&#8243;][vc_empty_space][vc_column_text]<\/p>\n<p><span style=\"font-size: 14pt;color: #000000\"><b>Programi i Festivalit<\/b><\/span><\/p>\n<p>&nbsp;<\/p>\n<p>&nbsp;<\/p>\n<p><span style=\"font-size: 14pt;color: #000000\"><b>Dita 1 <\/b> <b>Shtator 12 \/ \u00c7elja e Festivalit &amp; Koncert i Muzik\u00ebs Klezmer <\/b><span style=\"font-weight: 400\">(Sheshi Sk\u00ebnd\u00ebrbej)<\/span><b>\u00a0 |\u00a0 <\/b><span style=\"font-weight: 400\">Video-mesazh hap\u00ebs nga zj Avital Leibovich, Drejtore e <\/span><i><span style=\"font-weight: 400\">American Jewish Committee <\/span><\/i><span style=\"font-weight: 400\">(AJC) dhe An\u00ebtare e Bordit Honorofik t\u00eb Festivalit Isralb \u25ca Video-mesazh p\u00ebrsh\u00ebndet\u00ebs nga Rabini Yisroel Finman, Drejtor i Rabinatit Shqiptar\u00a0 \u25ca <\/span><span style=\"font-weight: 400\">Koncert muzikor nga <\/span><i><span style=\"font-weight: 400\">\u201cIsrael Klezmer Orchestra\u201d<\/span><\/i><span style=\"font-weight: 400\"> me nj\u00eb repertor muzikor n\u00eb Hebraisht dhe Yiddish.\u00a0\u00a0<\/span><\/span><\/p>\n<p>&nbsp;<\/p>\n<p><span style=\"font-size: 14pt;color: #000000\"><b>Dita 2 <\/b> <b>Shtator 13 \/ Kinematografi &amp; Ekspozita Kostumografike <\/b><span style=\"font-weight: 400\">(Instalacioni Reja)<\/span><b> | <\/b><span style=\"font-weight: 400\">Shfaqja e filmit \u201cThe Albanian Code\u201d \u25ca Muzik\u00eb instrumentale frym\u00ebzuar nga tradita hebreje safardike dhe nga tradita shqiptare nga aristi shqiptar nga Kosova Agron Peni.\u00a0\u00a0<\/span><\/span><\/p>\n<p>&nbsp;<\/p>\n<p><span style=\"font-size: 14pt;color: #000000\"><b>Dita 3 <\/b> <b>Shtator 14 \/ Dokumentar &amp; Koncert Koral <\/b><span style=\"font-weight: 400\">(Amfiteatri i Akademis\u00eb s\u00eb Arteve)<\/span><b> | <\/b><span style=\"font-weight: 400\">Shfaqja e dokumentarit <\/span><i><span style=\"font-weight: 400\">\u201cHolocaust Requiem\u201d<\/span><\/i><span style=\"font-weight: 400\"> dhe t\u00eb nj\u00eb mesazhi nga krijuesi i filmit Donald Maurice dhe nga kompozitori Boris Pigovat\u00a0 <\/span><span style=\"font-weight: 400\">\u25ca<\/span><span style=\"font-weight: 400\">\u00a0 Repertor klasik k\u00ebng\u00ebsh nga Kori n\u00ebn drejtimin e Suzana Turkut\u00a0dhe shoq\u00ebrimin e nj\u00eb kuarteti harqesh nga Akademia e Arteve<\/span><span style=\"font-weight: 400\">.<\/span><\/span><\/p>\n<p>&nbsp;<\/p>\n<p><span style=\"font-size: 14pt;color: #000000\"><b>Dita 4 <\/b> <b>Shtator 17 \/ Koncert orkestral &amp; Performanc\u00eb operistike<\/b><span style=\"font-weight: 400\"> (Muzeu Historik Komb\u00ebtar, oborri)<\/span><b>\u00a0 | <\/b><i><span style=\"font-weight: 400\">\u201cCandle-Light Concert\u201d <\/span><\/i><span style=\"font-weight: 400\">i sjell\u00eb p\u00ebr her\u00eb t\u00eb par\u00eb n\u00eb Tiran\u00eb, konceptuar n\u00eb nd\u00ebrthurje me tradit\u00ebn hebreje t\u00eb ndezjes s\u00eb qirinjve <\/span><i><span style=\"font-weight: 400\">\u201cKabbalat Shabat\u201d<\/span><\/i><span style=\"font-weight: 400\"> \u25ca Kuartet harqesh nga <\/span><i><span style=\"font-weight: 400\">Berlin Philarmonic<\/span><\/i><span style=\"font-weight: 400\"> (Filarmonia e Berlinit) dhe interpretimi n\u00eb piano nga Almira Emiri i pjes\u00ebve t\u00eb p\u00ebrzgjedhura nga Pigovat &amp; Dvorak \u25ca Premier\u00eb bot\u00ebrore e <\/span><i><span style=\"font-weight: 400\">\u201cString Quartet no 2\u201d <\/span><\/i><span style=\"font-weight: 400\">t\u00eb kompozitorit t\u00eb njohur Boris Pigovat.<\/span><\/span><\/p>\n<p>&nbsp;<\/p>\n<p><span style=\"font-size: 14pt;color: #000000\"><b>Dita 5 <\/b> <b>Shtator 19 \/ Let\u00ebrsi &amp; Publicistik\u00eb <\/b><span style=\"font-weight: 400\">(Muzeu Historik Komb\u00ebtar)<\/span><b>\u00a0 |\u00a0 <\/b><span style=\"font-weight: 400\">Takim q\u00eb mbledh shkrimtar\u00eb, publicist\u00eb dhe gazetar\u00eb, studjues dhe intelektual\u00eb n\u00eb panel n\u00eb gjer\u00eb diskutimi dhe shk\u00ebmbimesh mbi rolin e artit n\u00eb p\u00ebrt\u00ebritjen e kujtes\u00ebs dhe nd\u00ebrgjegjes historike, dialogut nd\u00ebrkulturor dhe atij nd\u00ebrbreznor \u25ca Interpretim nga aktor\u00eb t\u00eb njohur shqiptar\u00eb t\u00eb fragmenteve t\u00eb p\u00ebrzgjedhura nga vepra t\u00eb shkrimtar\u00ebve t\u00eb njohur bot\u00ebrisht Ismail Kadare dhe Amos Oz\u00a0 \u25ca\u00a0 Video-mesazh nga z Nadav Oz nipi i Amos Oz.\u00a0<\/span><\/span><\/p>\n<p>&nbsp;<\/p>\n<p><span style=\"font-size: 14pt;color: #000000\"><b>Dita 6 <\/b> <b>Shtator 20\u00a0 \/ Vernissage &amp; Performanc\u00eb n\u00eb Violin\u00eb <\/b><span style=\"font-weight: 400\">(Muzeu Historik Komb\u00ebtar)<\/span><b>\u00a0 |\u00a0 <\/b><span style=\"font-weight: 400\">Vernisage \/ Hapja e ekspozit\u00ebs s\u00eb punimeve n\u00eb piktur\u00eb t\u00eb me tematik\u00eb qytetin mij\u00ebravje\u00e7ar t\u00eb Beratit nga artisti Arben Golemi \u25ca Hapja e ekspozit\u00ebs <\/span><i><span style=\"font-weight: 400\">\u201cThe Living Jerusalem\u201d<\/span><\/i><span style=\"font-weight: 400\"> (<\/span><i><span style=\"font-weight: 400\">Jeruzalemi Gjallnon<\/span><\/i><span style=\"font-weight: 400\">) nga fotografi hungarez Iv\u00e0n Benda \u25ca Performanc\u00eb nga violinisti virtuoz dhe i njohur bot\u00ebrisht Asi Matathias, gjysh\u00ebrit e t\u00eb cilit t\u00eb mbijetuar t\u00eb Holokaustit fal\u00eb shp\u00ebtimit tyre n\u00eb Shqip\u00ebri, dhe nga pianistin e shquar izraelit Victor Stanislavsky \u25ca Recepsion. \u00a0<\/span><\/span><\/p>\n<p>&nbsp;<\/p>\n<p><span style=\"font-size: 14pt;color: #000000\"><b>Dita 7\u00a0 Shtator 21 \/ Ekspozit\u00eb Fotografike &amp; Muzik\u00eb Instrumentale <\/b><span style=\"font-weight: 400\">(Muzeu Historik Komb\u00ebtar)<\/span><b> | <\/b><span style=\"font-weight: 400\">Video-projeksion i d\u00ebshmive mbi shp\u00ebtimin e Hebrenjve n\u00eb Shqip\u00ebri gjat\u00eb Holokaustit &amp; mesazheve nga diaspora shqiptare hebreje \u25ca Performanc\u00eb p\u00ebrmbyllese e muzik\u00ebs instrumentale nga artistet izraelite Nitzan Bartana dhe Sivan Rotem s\u00eb bashku me artisten shqiptare Almira Emiri n\u00eb piano.<\/span><\/span>[\/vc_column_text][vc_empty_space][\/vc_column][\/vc_row]<\/p>\n","protected":false},"excerpt":{"rendered":"<p>[vc_row css_animation=&#8221;&#8221; row_type=&#8221;row&#8221; use_row_as_full_screen_section=&#8221;no&#8221; type=&#8221;full_width&#8221; angled_section=&#8221;no&#8221; text_align=&#8221;left&#8221; background_image_as_pattern=&#8221;without_pattern&#8221;][vc_column][vc_empty_space][vc_single_image image=&#8221;15561&#8243; img_size=&#8221;200&#215;200&#8243; alignment=&#8221;center&#8221; qode_css_animation=&#8221;&#8221;][vc_empty_space][vc_separator type=&#8221;normal&#8221; color=&#8221;#000000&#8243;][vc_empty_space][vc_column_text] Programi i Festivalit &nbsp; &nbsp; Dita 1 Shtator 12 \/ \u00c7elja e Festivalit &amp; Koncert i Muzik\u00ebs Klezmer (Sheshi Sk\u00ebnd\u00ebrbej)\u00a0 |\u00a0 Video-mesazh hap\u00ebs nga zj Avital Leibovich, Drejtore e American Jewish&#8230;<\/p>\n","protected":false},"author":1,"featured_media":0,"parent":0,"menu_order":0,"comment_status":"closed","ping_status":"closed","template":"","meta":{"footnotes":""},"class_list":["post-15599","page","type-page","status-publish","hentry"],"_links":{"self":[{"href":"https:\/\/israel-albania.festival-academy.com\/sq\/wp-json\/wp\/v2\/pages\/15599","targetHints":{"allow":["GET"]}}],"collection":[{"href":"https:\/\/israel-albania.festival-academy.com\/sq\/wp-json\/wp\/v2\/pages"}],"about":[{"href":"https:\/\/israel-albania.festival-academy.com\/sq\/wp-json\/wp\/v2\/types\/page"}],"author":[{"embeddable":true,"href":"https:\/\/israel-albania.festival-academy.com\/sq\/wp-json\/wp\/v2\/users\/1"}],"replies":[{"embeddable":true,"href":"https:\/\/israel-albania.festival-academy.com\/sq\/wp-json\/wp\/v2\/comments?post=15599"}],"version-history":[{"count":0,"href":"https:\/\/israel-albania.festival-academy.com\/sq\/wp-json\/wp\/v2\/pages\/15599\/revisions"}],"wp:attachment":[{"href":"https:\/\/israel-albania.festival-academy.com\/sq\/wp-json\/wp\/v2\/media?parent=15599"}],"curies":[{"name":"wp","href":"https:\/\/api.w.org\/{rel}","templated":true}]}}